{"id":586,"date":"2021-05-13T17:37:20","date_gmt":"2021-05-13T17:37:20","guid":{"rendered":"https:\/\/gjmentoring.com\/?page_id=586"},"modified":"2023-09-05T13:11:28","modified_gmt":"2023-09-05T13:11:28","slug":"mentorius-kouceris","status":"publish","type":"page","link":"https:\/\/gjmentoring.com\/en\/mentorius-kouceris\/","title":{"rendered":"Mentor. Couch."},"content":{"rendered":"<div data-elementor-type=\"wp-page\" data-elementor-id=\"586\" class=\"elementor elementor-586\" data-elementor-post-type=\"page\">\n\t\t\t\t\t\t<section class=\"elementor-section elementor-top-section elementor-element elementor-element-bc1bad5 elementor-section-boxed elementor-section-height-default elementor-section-height-default\" data-id=\"bc1bad5\" data-element_type=\"section\" data-settings=\"{&quot;_ha_eqh_enable&quot;:false}\">\n\t\t\t\t\t\t<div class=\"elementor-container elementor-column-gap-default\">\n\t\t\t\t\t<div class=\"elementor-column elementor-col-100 elementor-top-column elementor-element elementor-element-2c53d3b\" data-id=\"2c53d3b\" data-element_type=\"column\" data-settings=\"{&quot;background_background&quot;:&quot;classic&quot;}\">\n\t\t\t<div class=\"elementor-widget-wrap elementor-element-populated\">\n\t\t\t\t\t\t<div class=\"elementor-element elementor-element-1fa1271 elementor-widget elementor-widget-heading\" data-id=\"1fa1271\" data-element_type=\"widget\" data-widget_type=\"heading.default\">\n\t\t\t\t<div class=\"elementor-widget-container\">\n\t\t\t<h2 class=\"elementor-heading-title elementor-size-default\">MENTOR<\/h2>\t\t<\/div>\n\t\t\t\t<\/div>\n\t\t\t\t\t<\/div>\n\t\t<\/div>\n\t\t\t\t\t<\/div>\n\t\t<\/section>\n\t\t\t\t<section class=\"elementor-section elementor-top-section elementor-element elementor-element-194709b elementor-section-boxed elementor-section-height-default elementor-section-height-default\" data-id=\"194709b\" data-element_type=\"section\" data-settings=\"{&quot;_ha_eqh_enable&quot;:false}\">\n\t\t\t\t\t\t<div class=\"elementor-container elementor-column-gap-default\">\n\t\t\t\t\t<div class=\"elementor-column elementor-col-50 elementor-top-column elementor-element elementor-element-8f8603a\" data-id=\"8f8603a\" data-element_type=\"column\">\n\t\t\t<div class=\"elementor-widget-wrap elementor-element-populated\">\n\t\t\t\t\t\t<div class=\"elementor-element elementor-element-a6783f4 elementor-widget elementor-widget-text-editor\" data-id=\"a6783f4\" data-element_type=\"widget\" data-widget_type=\"text-editor.default\">\n\t\t\t\t<div class=\"elementor-widget-container\">\n\t\t\t\t\t\t\t<h1><strong>Business Mentor<\/strong><\/h1><ul><li>People<\/li><li>Strategy<\/li><li>Leadership<\/li><li>Growth<\/li><li>Resources<p>I started my career as a sales agent, and for the last 20 years I have managed 7 companies, in different business sectors and countries. The experiences gathered during this period matured my approach to business, leadership, and communication. Lately, I have transferred my managerial competencies to work in Management Boards, where my areas of expertise are People, Strategic Business Development and Negotiations.\u00a0<\/p><\/li><\/ul><h1><strong>Career Mentor<\/strong><\/h1><ul><li>Personality<\/li><li>Uniqueness<\/li><li>Direction<\/li><\/ul><p>As a manager in both international and Lithuanian capital companies, I have \"grown wings\" for more than one employee. Talking with them, solving complex issues, was the most pleasant task for me in the entire list of the manager's work spectrum.<\/p><p>Each of us is affected by change, especially in this time when the world is unpredictable. It is my great joy to help you take steps forward with clarity, with faith, with confidence and inner strength.\u00a0<\/p>\t\t\t\t\t\t<\/div>\n\t\t\t\t<\/div>\n\t\t\t\t\t<\/div>\n\t\t<\/div>\n\t\t\t\t<div class=\"elementor-column elementor-col-50 elementor-top-column elementor-element elementor-element-46c7b24\" data-id=\"46c7b24\" data-element_type=\"column\">\n\t\t\t<div class=\"elementor-widget-wrap elementor-element-populated\">\n\t\t\t\t\t\t<div class=\"elementor-element elementor-element-40ebb5e elementor-widget elementor-widget-image\" data-id=\"40ebb5e\" data-element_type=\"widget\" data-widget_type=\"image.default\">\n\t\t\t\t<div class=\"elementor-widget-container\">\n\t\t\t\t\t\t\t\t\t\t\t\t\t<img fetchpriority=\"high\" decoding=\"async\" width=\"683\" height=\"1024\" src=\"https:\/\/gjmentoring.com\/wp-content\/uploads\/2023\/07\/VERSLO-PORTRETAI7-683x1024.jpg\" class=\"attachment-large size-large wp-image-2390\" alt=\"\" srcset=\"https:\/\/gjmentoring.com\/wp-content\/uploads\/2023\/07\/VERSLO-PORTRETAI7-683x1024.jpg 683w, https:\/\/gjmentoring.com\/wp-content\/uploads\/2023\/07\/VERSLO-PORTRETAI7-200x300.jpg 200w, https:\/\/gjmentoring.com\/wp-content\/uploads\/2023\/07\/VERSLO-PORTRETAI7-768x1152.jpg 768w, https:\/\/gjmentoring.com\/wp-content\/uploads\/2023\/07\/VERSLO-PORTRETAI7-1024x1536.jpg 1024w, https:\/\/gjmentoring.com\/wp-content\/uploads\/2023\/07\/VERSLO-PORTRETAI7-1365x2048.jpg 1365w, https:\/\/gjmentoring.com\/wp-content\/uploads\/2023\/07\/VERSLO-PORTRETAI7-scaled.jpg 1707w\" sizes=\"(max-width: 683px) 100vw, 683px\" \/>\t\t\t\t\t\t\t\t\t\t\t\t\t<\/div>\n\t\t\t\t<\/div>\n\t\t\t\t\t<\/div>\n\t\t<\/div>\n\t\t\t\t\t<\/div>\n\t\t<\/section>\n\t\t\t\t<section class=\"elementor-section elementor-top-section elementor-element elementor-element-dcb80bf elementor-section-boxed elementor-section-height-default elementor-section-height-default\" data-id=\"dcb80bf\" data-element_type=\"section\" data-settings=\"{&quot;_ha_eqh_enable&quot;:false}\">\n\t\t\t\t\t\t<div class=\"elementor-container elementor-column-gap-default\">\n\t\t\t\t\t<div class=\"elementor-column elementor-col-100 elementor-top-column elementor-element elementor-element-76c6bd8\" data-id=\"76c6bd8\" data-element_type=\"column\" data-settings=\"{&quot;background_background&quot;:&quot;classic&quot;}\">\n\t\t\t<div class=\"elementor-widget-wrap elementor-element-populated\">\n\t\t\t\t\t\t<div class=\"elementor-element elementor-element-c2a9dcd elementor-widget elementor-widget-heading\" data-id=\"c2a9dcd\" data-element_type=\"widget\" data-widget_type=\"heading.default\">\n\t\t\t\t<div class=\"elementor-widget-container\">\n\t\t\t<h2 class=\"elementor-heading-title elementor-size-default\">COACH<\/h2>\t\t<\/div>\n\t\t\t\t<\/div>\n\t\t\t\t\t<\/div>\n\t\t<\/div>\n\t\t\t\t\t<\/div>\n\t\t<\/section>\n\t\t\t\t<section class=\"elementor-section elementor-top-section elementor-element elementor-element-99659a9 elementor-section-boxed elementor-section-height-default elementor-section-height-default\" data-id=\"99659a9\" data-element_type=\"section\" data-settings=\"{&quot;_ha_eqh_enable&quot;:false}\">\n\t\t\t\t\t\t<div class=\"elementor-container elementor-column-gap-default\">\n\t\t\t\t\t<div class=\"elementor-column elementor-col-50 elementor-top-column elementor-element elementor-element-f59fa05\" data-id=\"f59fa05\" data-element_type=\"column\">\n\t\t\t<div class=\"elementor-widget-wrap elementor-element-populated\">\n\t\t\t\t\t\t<div class=\"elementor-element elementor-element-cf5cb0a elementor-widget elementor-widget-image\" data-id=\"cf5cb0a\" data-element_type=\"widget\" data-widget_type=\"image.default\">\n\t\t\t\t<div class=\"elementor-widget-container\">\n\t\t\t\t\t\t\t\t\t\t\t\t\t<img decoding=\"async\" width=\"600\" height=\"600\" src=\"https:\/\/gjmentoring.com\/wp-content\/uploads\/2022\/10\/certified-professional-co-active-coach-cpcc.png\" class=\"attachment-large size-large wp-image-2043\" alt=\"\" srcset=\"https:\/\/gjmentoring.com\/wp-content\/uploads\/2022\/10\/certified-professional-co-active-coach-cpcc.png 600w, https:\/\/gjmentoring.com\/wp-content\/uploads\/2022\/10\/certified-professional-co-active-coach-cpcc-300x300.png 300w, https:\/\/gjmentoring.com\/wp-content\/uploads\/2022\/10\/certified-professional-co-active-coach-cpcc-150x150.png 150w\" sizes=\"(max-width: 600px) 100vw, 600px\" \/>\t\t\t\t\t\t\t\t\t\t\t\t\t<\/div>\n\t\t\t\t<\/div>\n\t\t\t\t\t<\/div>\n\t\t<\/div>\n\t\t\t\t<div class=\"elementor-column elementor-col-50 elementor-top-column elementor-element elementor-element-496806b\" data-id=\"496806b\" data-element_type=\"column\">\n\t\t\t<div class=\"elementor-widget-wrap elementor-element-populated\">\n\t\t\t\t\t\t<div class=\"elementor-element elementor-element-1a2134d elementor-widget elementor-widget-text-editor\" data-id=\"1a2134d\" data-element_type=\"widget\" data-widget_type=\"text-editor.default\">\n\t\t\t\t<div class=\"elementor-widget-container\">\n\t\t\t\t\t\t\t<table><tbody><tr><td width=\"301\"><p>I studied coaching at one of the best coaching schools in the world, Co-Active Training Institute https:\/\/coactive.com\/<\/p><p><strong>I am an accredited CPCC coach (Certified Professional Co-Active Coach). <\/strong>I use work principles that meet the standards set by the ICF.\u00a0<\/p><p>What company managers or employees face is something I am very familiar with from a practical perspective, having been both an employee and a manager during my career. Coaching sessions are often accompanied by mentoring sessions. Practice has shown that this method of work ensures faster results.<\/p><p><b>In my experience, it is worth seeking the help of a coach\/mentor when:<\/b><\/p><ul><li>You have a vision, but its implementation requires resources, knowledge, and maybe courage.<\/li><li>You are at a crossroads, you want to make decisions, but you don't know what is right for you.<\/li><li>You are at the 'bottom'. The world is unfair. You have lost yourself and the joy of life.<\/li><\/ul><\/td><\/tr><\/tbody><\/table>\t\t\t\t\t\t<\/div>\n\t\t\t\t<\/div>\n\t\t\t\t\t<\/div>\n\t\t<\/div>\n\t\t\t\t\t<\/div>\n\t\t<\/section>\n\t\t\t\t<section class=\"elementor-section elementor-top-section elementor-element elementor-element-230acb3 elementor-section-boxed elementor-section-height-default elementor-section-height-default\" data-id=\"230acb3\" data-element_type=\"section\">\n\t\t\t\t\t\t<div class=\"elementor-container elementor-column-gap-default\">\n\t\t\t\t\t<div class=\"elementor-column elementor-col-50 elementor-top-column elementor-element elementor-element-1b1c372\" data-id=\"1b1c372\" data-element_type=\"column\" data-settings=\"{&quot;background_background&quot;:&quot;classic&quot;}\">\n\t\t\t<div class=\"elementor-widget-wrap elementor-element-populated\">\n\t\t\t\t\t\t<div class=\"elementor-element elementor-element-aa1eb94 elementor-widget elementor-widget-text-editor\" data-id=\"aa1eb94\" data-element_type=\"widget\" data-widget_type=\"text-editor.default\">\n\t\t\t\t<div class=\"elementor-widget-container\">\n\t\t\t\t\t\t\t<p><strong>Executive coaching:<\/strong><\/p><ul><li>Sessions both live and online<\/li><li>Guarantee of confidentiality<\/li><li>Ability to change session time<\/li><li>BG5 Career Profile Report with explanation<\/li><li>The minimum duration of the coaching agreement is 3 months\u00a0<\/li><li>Frequency of sessions: according to individual needs<\/li><\/ul><p>The price of the coaching contract is determined individually.<\/p>\t\t\t\t\t\t<\/div>\n\t\t\t\t<\/div>\n\t\t\t\t\t<\/div>\n\t\t<\/div>\n\t\t\t\t<div class=\"elementor-column elementor-col-50 elementor-top-column elementor-element elementor-element-475a684\" data-id=\"475a684\" data-element_type=\"column\" data-settings=\"{&quot;background_background&quot;:&quot;classic&quot;}\">\n\t\t\t<div class=\"elementor-widget-wrap elementor-element-populated\">\n\t\t\t\t\t\t<div class=\"elementor-element elementor-element-f32d25a elementor-widget elementor-widget-text-editor\" data-id=\"f32d25a\" data-element_type=\"widget\" data-widget_type=\"text-editor.default\">\n\t\t\t\t<div class=\"elementor-widget-container\">\n\t\t\t\t\t\t\t<p><strong>Middle Management Coaching:<\/strong><\/p><ul><li>Sessions both live and online<\/li><li>Guarantee of confidentiality<\/li><li>Frequency of sessions: 2-3 times per month, duration 1 hour<\/li><\/ul><p>The price of coaching contract starts from 450 EUR\/month.<\/p>\t\t\t\t\t\t<\/div>\n\t\t\t\t<\/div>\n\t\t\t\t\t<\/div>\n\t\t<\/div>\n\t\t\t\t\t<\/div>\n\t\t<\/section>\n\t\t\t\t<section class=\"elementor-section elementor-top-section elementor-element elementor-element-99f62e8 elementor-section-boxed elementor-section-height-default elementor-section-height-default\" data-id=\"99f62e8\" data-element_type=\"section\" data-settings=\"{&quot;_ha_eqh_enable&quot;:false}\">\n\t\t\t\t\t\t<div class=\"elementor-container elementor-column-gap-default\">\n\t\t\t\t\t<div class=\"elementor-column elementor-col-50 elementor-top-column elementor-element elementor-element-612d78a\" data-id=\"612d78a\" data-element_type=\"column\" data-settings=\"{&quot;background_background&quot;:&quot;classic&quot;}\">\n\t\t\t<div class=\"elementor-widget-wrap elementor-element-populated\">\n\t\t\t\t\t\t<div class=\"elementor-element elementor-element-77c69f1 elementor-widget elementor-widget-heading\" data-id=\"77c69f1\" data-element_type=\"widget\" data-widget_type=\"heading.default\">\n\t\t\t\t<div class=\"elementor-widget-container\">\n\t\t\t<h2 class=\"elementor-heading-title elementor-size-default\">Let's collaborate for success<\/h2>\t\t<\/div>\n\t\t\t\t<\/div>\n\t\t\t\t<div class=\"elementor-element elementor-element-0db2ca3 elementor-icon-list--layout-traditional elementor-list-item-link-full_width elementor-widget elementor-widget-icon-list\" data-id=\"0db2ca3\" data-element_type=\"widget\" data-widget_type=\"icon-list.default\">\n\t\t\t\t<div class=\"elementor-widget-container\">\n\t\t\t\t\t<ul class=\"elementor-icon-list-items\">\n\t\t\t\t\t\t\t<li class=\"elementor-icon-list-item\">\n\t\t\t\t\t\t\t\t\t\t\t<a href=\"tel: 370 698 45070\">\n\n\t\t\t\t\t\t\t\t\t\t\t\t<span class=\"elementor-icon-list-icon\">\n\t\t\t\t\t\t\t<i aria-hidden=\"true\" class=\"fas fa-mobile-alt\"><\/i>\t\t\t\t\t\t<\/span>\n\t\t\t\t\t\t\t\t\t\t<span class=\"elementor-icon-list-text\">+37069845070<\/span>\n\t\t\t\t\t\t\t\t\t\t\t<\/a>\n\t\t\t\t\t\t\t\t\t<\/li>\n\t\t\t\t\t\t\t\t<li class=\"elementor-icon-list-item\">\n\t\t\t\t\t\t\t\t\t\t\t<a href=\"mailto:start@gjmentoring.com \">\n\n\t\t\t\t\t\t\t\t\t\t\t\t<span class=\"elementor-icon-list-icon\">\n\t\t\t\t\t\t\t<i aria-hidden=\"true\" class=\"far fa-envelope\"><\/i>\t\t\t\t\t\t<\/span>\n\t\t\t\t\t\t\t\t\t\t<span class=\"elementor-icon-list-text\">start@gjmentoring.com <\/span>\n\t\t\t\t\t\t\t\t\t\t\t<\/a>\n\t\t\t\t\t\t\t\t\t<\/li>\n\t\t\t\t\t\t<\/ul>\n\t\t\t\t<\/div>\n\t\t\t\t<\/div>\n\t\t\t\t<div class=\"elementor-element elementor-element-3bdf668 elementor-widget elementor-widget-text-editor\" data-id=\"3bdf668\" data-element_type=\"widget\" data-widget_type=\"text-editor.default\">\n\t\t\t\t<div class=\"elementor-widget-container\">\n\t\t\t\t\t\t\t\t\t\t\t\t\t<\/div>\n\t\t\t\t<\/div>\n\t\t\t\t<section class=\"elementor-section elementor-inner-section elementor-element elementor-element-6c236d8 elementor-section-full_width elementor-section-height-default elementor-section-height-default\" data-id=\"6c236d8\" data-element_type=\"section\" data-settings=\"{&quot;_ha_eqh_enable&quot;:false}\">\n\t\t\t\t\t\t<div class=\"elementor-container elementor-column-gap-default\">\n\t\t\t\t\t<div class=\"elementor-column elementor-col-100 elementor-inner-column elementor-element elementor-element-5c8118d\" data-id=\"5c8118d\" data-element_type=\"column\">\n\t\t\t<div class=\"elementor-widget-wrap elementor-element-populated\">\n\t\t\t\t\t\t<div class=\"elementor-element elementor-element-21beb42 e-grid-align-left elementor-shape-rounded elementor-grid-0 elementor-widget elementor-widget-social-icons\" data-id=\"21beb42\" data-element_type=\"widget\" data-widget_type=\"social-icons.default\">\n\t\t\t\t<div class=\"elementor-widget-container\">\n\t\t\t\t\t<div class=\"elementor-social-icons-wrapper elementor-grid\">\n\t\t\t\t\t\t\t<span class=\"elementor-grid-item\">\n\t\t\t\t\t<a class=\"elementor-icon elementor-social-icon elementor-social-icon-linkedin elementor-repeater-item-8505143\" href=\"https:\/\/www.linkedin.com\/company\/71253702\/admin\/\" target=\"_blank\">\n\t\t\t\t\t\t<span class=\"elementor-screen-only\">Linkedin<\/span>\n\t\t\t\t\t\t<i class=\"fab fa-linkedin\"><\/i>\t\t\t\t\t<\/a>\n\t\t\t\t<\/span>\n\t\t\t\t\t\t\t<span class=\"elementor-grid-item\">\n\t\t\t\t\t<a class=\"elementor-icon elementor-social-icon elementor-social-icon-facebook elementor-repeater-item-1ac7b9e\" href=\"https:\/\/www.facebook.com\/gjmentoring\" target=\"_blank\">\n\t\t\t\t\t\t<span class=\"elementor-screen-only\">Facebook<\/span>\n\t\t\t\t\t\t<i class=\"fab fa-facebook\"><\/i>\t\t\t\t\t<\/a>\n\t\t\t\t<\/span>\n\t\t\t\t\t\t\t<span class=\"elementor-grid-item\">\n\t\t\t\t\t<a class=\"elementor-icon elementor-social-icon elementor-social-icon-youtube elementor-repeater-item-7ab1632\" href=\"https:\/\/www.youtube.com\/channel\/UCCicVkgls71f5LXRqXr2dwg\" target=\"_blank\">\n\t\t\t\t\t\t<span class=\"elementor-screen-only\">Youtube<\/span>\n\t\t\t\t\t\t<i class=\"fab fa-youtube\"><\/i>\t\t\t\t\t<\/a>\n\t\t\t\t<\/span>\n\t\t\t\t\t<\/div>\n\t\t\t\t<\/div>\n\t\t\t\t<\/div>\n\t\t\t\t\t<\/div>\n\t\t<\/div>\n\t\t\t\t\t<\/div>\n\t\t<\/section>\n\t\t\t\t\t<\/div>\n\t\t<\/div>\n\t\t\t\t<div class=\"elementor-column elementor-col-50 elementor-top-column elementor-element elementor-element-0bfe878\" data-id=\"0bfe878\" data-element_type=\"column\">\n\t\t\t<div class=\"elementor-widget-wrap\">\n\t\t\t\t\t\t\t<\/div>\n\t\t<\/div>\n\t\t\t\t\t<\/div>\n\t\t<\/section>\n\t\t\t\t<section class=\"elementor-section elementor-top-section elementor-element elementor-element-97b921d elementor-hidden-desktop elementor-hidden-tablet elementor-section-boxed elementor-section-height-default elementor-section-height-default\" data-id=\"97b921d\" data-element_type=\"section\" data-settings=\"{&quot;_ha_eqh_enable&quot;:false}\">\n\t\t\t\t\t\t<div class=\"elementor-container elementor-column-gap-default\">\n\t\t\t\t\t<div class=\"elementor-column elementor-col-100 elementor-top-column elementor-element elementor-element-608418d\" data-id=\"608418d\" data-element_type=\"column\">\n\t\t\t<div class=\"elementor-widget-wrap elementor-element-populated\">\n\t\t\t\t\t\t<div class=\"elementor-element elementor-element-105cadc elementor-mobile-align-justify elementor-widget elementor-widget-button\" data-id=\"105cadc\" data-element_type=\"widget\" data-widget_type=\"button.default\">\n\t\t\t\t<div class=\"elementor-widget-container\">\n\t\t\t\t\t<div class=\"elementor-button-wrapper\">\n\t\t\t<a class=\"elementor-button elementor-button-link elementor-size-sm\" href=\"https:\/\/gjmentoring.com\/en\/\">\n\t\t\t\t\t\t<span class=\"elementor-button-content-wrapper\">\n\t\t\t\t\t\t<span class=\"elementor-button-text\">Homepage<\/span>\n\t\t<\/span>\n\t\t\t\t\t<\/a>\n\t\t<\/div>\n\t\t\t\t<\/div>\n\t\t\t\t<\/div>\n\t\t\t\t\t<\/div>\n\t\t<\/div>\n\t\t\t\t\t<\/div>\n\t\t<\/section>\n\t\t\t\t<\/div>","protected":false},"excerpt":{"rendered":"<p>MENTORIUS Verslo Mentorius \u017dmon\u0117s Strategija Lyderyst\u0117 Augimas Resursai Savo karjer\u0105 prad\u0117jau nuo prekybos agento pareig\u0173, o paskutinius 20 met\u0173 vadovavau 7 \u012fmon\u0117ms, skirtinguose verslo sektoriuose ir \u0161alyse. \u0160io laikotarpio surinktos patirtys subrandino mano po\u017ei\u016br\u012f \u012f versl\u0105, lyderyst\u0119, komunikacij\u0105. Pastaruoju metu vadovo kompetencijas perk\u0117liau \u012f darb\u0105 valdybose, kur mano kompetencij\u0173 sritys yra \u017dmon\u0117s, Strateginis verslo vystymas [&hellip;]<\/p>","protected":false},"author":1,"featured_media":0,"parent":0,"menu_order":0,"comment_status":"closed","ping_status":"closed","template":"","meta":{"ocean_post_layout":"full-screen","ocean_both_sidebars_style":"","ocean_both_sidebars_content_width":0,"ocean_both_sidebars_sidebars_width":0,"ocean_sidebar":"0","ocean_second_sidebar":"0","ocean_disable_margins":"enable","ocean_add_body_class":"","ocean_shortcode_before_top_bar":"","ocean_shortcode_after_top_bar":"","ocean_shortcode_before_header":"","ocean_shortcode_after_header":"","ocean_has_shortcode":"","ocean_shortcode_after_title":"","ocean_shortcode_before_footer_widgets":"","ocean_shortcode_after_footer_widgets":"","ocean_shortcode_before_footer_bottom":"","ocean_shortcode_after_footer_bottom":"","ocean_display_top_bar":"default","ocean_display_header":"default","ocean_header_style":"","ocean_center_header_left_menu":"0","ocean_custom_header_template":"0","ocean_custom_logo":0,"ocean_custom_retina_logo":0,"ocean_custom_logo_max_width":0,"ocean_custom_logo_tablet_max_width":0,"ocean_custom_logo_mobile_max_width":0,"ocean_custom_logo_max_height":0,"ocean_custom_logo_tablet_max_height":0,"ocean_custom_logo_mobile_max_height":0,"ocean_header_custom_menu":"0","ocean_menu_typo_font_family":"0","ocean_menu_typo_font_subset":"","ocean_menu_typo_font_size":0,"ocean_menu_typo_font_size_tablet":0,"ocean_menu_typo_font_size_mobile":0,"ocean_menu_typo_font_size_unit":"px","ocean_menu_typo_font_weight":"","ocean_menu_typo_font_weight_tablet":"","ocean_menu_typo_font_weight_mobile":"","ocean_menu_typo_transform":"","ocean_menu_typo_transform_tablet":"","ocean_menu_typo_transform_mobile":"","ocean_menu_typo_line_height":0,"ocean_menu_typo_line_height_tablet":0,"ocean_menu_typo_line_height_mobile":0,"ocean_menu_typo_line_height_unit":"","ocean_menu_typo_spacing":0,"ocean_menu_typo_spacing_tablet":0,"ocean_menu_typo_spacing_mobile":0,"ocean_menu_typo_spacing_unit":"","ocean_menu_link_color":"","ocean_menu_link_color_hover":"","ocean_menu_link_color_active":"","ocean_menu_link_background":"","ocean_menu_link_hover_background":"","ocean_menu_link_active_background":"","ocean_menu_social_links_bg":"","ocean_menu_social_hover_links_bg":"","ocean_menu_social_links_color":"","ocean_menu_social_hover_links_color":"","ocean_disable_title":"on","ocean_disable_heading":"default","ocean_post_title":"","ocean_post_subheading":"","ocean_post_title_style":"","ocean_post_title_background_color":"","ocean_post_title_background":0,"ocean_post_title_bg_image_position":"","ocean_post_title_bg_image_attachment":"","ocean_post_title_bg_image_repeat":"","ocean_post_title_bg_image_size":"","ocean_post_title_height":0,"ocean_post_title_bg_overlay":0.5,"ocean_post_title_bg_overlay_color":"","ocean_disable_breadcrumbs":"default","ocean_breadcrumbs_color":"","ocean_breadcrumbs_separator_color":"","ocean_breadcrumbs_links_color":"","ocean_breadcrumbs_links_hover_color":"","ocean_display_footer_widgets":"default","ocean_display_footer_bottom":"default","ocean_custom_footer_template":"0","footnotes":""},"class_list":["post-586","page","type-page","status-publish","hentry","entry"],"_links":{"self":[{"href":"https:\/\/gjmentoring.com\/en\/wp-json\/wp\/v2\/pages\/586","targetHints":{"allow":["GET"]}}],"collection":[{"href":"https:\/\/gjmentoring.com\/en\/wp-json\/wp\/v2\/pages"}],"about":[{"href":"https:\/\/gjmentoring.com\/en\/wp-json\/wp\/v2\/types\/page"}],"author":[{"embeddable":true,"href":"https:\/\/gjmentoring.com\/en\/wp-json\/wp\/v2\/users\/1"}],"replies":[{"embeddable":true,"href":"https:\/\/gjmentoring.com\/en\/wp-json\/wp\/v2\/comments?post=586"}],"version-history":[{"count":343,"href":"https:\/\/gjmentoring.com\/en\/wp-json\/wp\/v2\/pages\/586\/revisions"}],"predecessor-version":[{"id":4396,"href":"https:\/\/gjmentoring.com\/en\/wp-json\/wp\/v2\/pages\/586\/revisions\/4396"}],"wp:attachment":[{"href":"https:\/\/gjmentoring.com\/en\/wp-json\/wp\/v2\/media?parent=586"}],"curies":[{"name":"wp","href":"https:\/\/api.w.org\/{rel}","templated":true}]}}