{"id":860,"date":"2021-05-13T19:10:47","date_gmt":"2021-05-13T19:10:47","guid":{"rendered":"https:\/\/gjmentoring.com\/?page_id=860"},"modified":"2021-06-17T19:16:18","modified_gmt":"2021-06-17T19:16:18","slug":"etikos-kodeksas","status":"publish","type":"page","link":"https:\/\/gjmentoring.com\/en\/etikos-kodeksas\/","title":{"rendered":"Etikos kodeksas"},"content":{"rendered":"<div data-elementor-type=\"wp-page\" data-elementor-id=\"860\" class=\"elementor elementor-860\" data-elementor-post-type=\"page\">\n\t\t\t\t\t\t<section class=\"elementor-section elementor-top-section elementor-element elementor-element-bbdafcd elementor-section-boxed elementor-section-height-default elementor-section-height-default\" data-id=\"bbdafcd\" data-element_type=\"section\" data-settings=\"{&quot;_ha_eqh_enable&quot;:false}\">\n\t\t\t\t\t\t<div class=\"elementor-container elementor-column-gap-default\">\n\t\t\t\t\t<div class=\"elementor-column elementor-col-100 elementor-top-column elementor-element elementor-element-1b2f814\" data-id=\"1b2f814\" data-element_type=\"column\">\n\t\t\t<div class=\"elementor-widget-wrap elementor-element-populated\">\n\t\t\t\t\t\t<div class=\"elementor-element elementor-element-87c277a elementor-widget elementor-widget-heading\" data-id=\"87c277a\" data-element_type=\"widget\" data-widget_type=\"heading.default\">\n\t\t\t\t<div class=\"elementor-widget-container\">\n\t\t\t<h2 class=\"elementor-heading-title elementor-size-default\">etikos kodeksas<\/h2>\t\t<\/div>\n\t\t\t\t<\/div>\n\t\t\t\t<div class=\"elementor-element elementor-element-7d91e30 elementor-widget elementor-widget-text-editor\" data-id=\"7d91e30\" data-element_type=\"widget\" data-widget_type=\"text-editor.default\">\n\t\t\t\t<div class=\"elementor-widget-container\">\n\t\t\t\t\t\t\t<p>Etikos kodeksas nurodo etines vertybes bei elgesio normas, kuriomis vadovaujuosi teikdamas asmenines ir verslo konsultavimo paslaugas.<br \/>Etikos Kodeksas remiasi penkiomis vertyb\u0117mis:<\/p><p>1. S\u0105\u017einingumas \u2013\u00a0 veikl\u0105 vykdau s\u0105\u017einingai, patikimai, geranori\u0161kai ir atsi\u017evelgiant \u012f kliento interesus.<\/p><p>2. Atvirumas ir nekonkuravimas \u2013 su klientu dirbu atvirai, kiek to reikalauja paslaug\u0173 teikimo susitarimai. Teikiant paslaugas ir po j\u0173 suteikimo garantuoju nekonkuravim\u0105 su kliento verslu ir darbuotojais.<\/p><p>3. Kompetencija \u2013 \u017einios ir \u012fg\u016bd\u017eiai yra tinkami asmenin\u0117ms bei verslo konsultacijoms teikti ir juos nuolat atnaujinu.<\/p><p>4. Profesionalus elgesys \u2013 rodau pagarb\u0105 klientui ir jo darbuotojams.<\/p><p>5. Konfidencialumas &#8211; pokalbi\u0173\/konsultavimo metu su\u017einota asmens ar kliento informacija yra neatskleid\u017eiama.\u00a0<\/p>\t\t\t\t\t\t<\/div>\n\t\t\t\t<\/div>\n\t\t\t\t\t<\/div>\n\t\t<\/div>\n\t\t\t\t\t<\/div>\n\t\t<\/section>\n\t\t\t\t<\/div>","protected":false},"excerpt":{"rendered":"<p>etikos kodeksas Etikos kodeksas nurodo etines vertybes bei elgesio normas, kuriomis vadovaujuosi teikdamas asmenines ir verslo konsultavimo paslaugas.Etikos Kodeksas remiasi penkiomis vertyb\u0117mis: 1. S\u0105\u017einingumas \u2013\u00a0 veikl\u0105 vykdau s\u0105\u017einingai, patikimai, geranori\u0161kai ir atsi\u017evelgiant \u012f kliento interesus. 2. Atvirumas ir nekonkuravimas \u2013 su klientu dirbu atvirai, kiek to reikalauja paslaug\u0173 teikimo susitarimai. Teikiant paslaugas ir po j\u0173 [&hellip;]<\/p>","protected":false},"author":1,"featured_media":0,"parent":0,"menu_order":0,"comment_status":"closed","ping_status":"closed","template":"","meta":{"ocean_post_layout":"full-screen","ocean_both_sidebars_style":"","ocean_both_sidebars_content_width":0,"ocean_both_sidebars_sidebars_width":0,"ocean_sidebar":"0","ocean_second_sidebar":"0","ocean_disable_margins":"enable","ocean_add_body_class":"","ocean_shortcode_before_top_bar":"","ocean_shortcode_after_top_bar":"","ocean_shortcode_before_header":"","ocean_shortcode_after_header":"","ocean_has_shortcode":"","ocean_shortcode_after_title":"","ocean_shortcode_before_footer_widgets":"","ocean_shortcode_after_footer_widgets":"","ocean_shortcode_before_footer_bottom":"","ocean_shortcode_after_footer_bottom":"","ocean_display_top_bar":"default","ocean_display_header":"default","ocean_header_style":"","ocean_center_header_left_menu":"0","ocean_custom_header_template":"0","ocean_custom_logo":0,"ocean_custom_retina_logo":0,"ocean_custom_logo_max_width":0,"ocean_custom_logo_tablet_max_width":0,"ocean_custom_logo_mobile_max_width":0,"ocean_custom_logo_max_height":0,"ocean_custom_logo_tablet_max_height":0,"ocean_custom_logo_mobile_max_height":0,"ocean_header_custom_menu":"0","ocean_menu_typo_font_family":"0","ocean_menu_typo_font_subset":"","ocean_menu_typo_font_size":0,"ocean_menu_typo_font_size_tablet":0,"ocean_menu_typo_font_size_mobile":0,"ocean_menu_typo_font_size_unit":"px","ocean_menu_typo_font_weight":"","ocean_menu_typo_font_weight_tablet":"","ocean_menu_typo_font_weight_mobile":"","ocean_menu_typo_transform":"","ocean_menu_typo_transform_tablet":"","ocean_menu_typo_transform_mobile":"","ocean_menu_typo_line_height":0,"ocean_menu_typo_line_height_tablet":0,"ocean_menu_typo_line_height_mobile":0,"ocean_menu_typo_line_height_unit":"","ocean_menu_typo_spacing":0,"ocean_menu_typo_spacing_tablet":0,"ocean_menu_typo_spacing_mobile":0,"ocean_menu_typo_spacing_unit":"","ocean_menu_link_color":"","ocean_menu_link_color_hover":"","ocean_menu_link_color_active":"","ocean_menu_link_background":"","ocean_menu_link_hover_background":"","ocean_menu_link_active_background":"","ocean_menu_social_links_bg":"","ocean_menu_social_hover_links_bg":"","ocean_menu_social_links_color":"","ocean_menu_social_hover_links_color":"","ocean_disable_title":"on","ocean_disable_heading":"default","ocean_post_title":"","ocean_post_subheading":"","ocean_post_title_style":"","ocean_post_title_background_color":"","ocean_post_title_background":0,"ocean_post_title_bg_image_position":"","ocean_post_title_bg_image_attachment":"","ocean_post_title_bg_image_repeat":"","ocean_post_title_bg_image_size":"","ocean_post_title_height":0,"ocean_post_title_bg_overlay":0.5,"ocean_post_title_bg_overlay_color":"","ocean_disable_breadcrumbs":"off","ocean_breadcrumbs_color":"","ocean_breadcrumbs_separator_color":"","ocean_breadcrumbs_links_color":"","ocean_breadcrumbs_links_hover_color":"","ocean_display_footer_widgets":"off","ocean_display_footer_bottom":"off","ocean_custom_footer_template":"0","footnotes":""},"class_list":["post-860","page","type-page","status-publish","hentry","entry"],"_links":{"self":[{"href":"https:\/\/gjmentoring.com\/en\/wp-json\/wp\/v2\/pages\/860","targetHints":{"allow":["GET"]}}],"collection":[{"href":"https:\/\/gjmentoring.com\/en\/wp-json\/wp\/v2\/pages"}],"about":[{"href":"https:\/\/gjmentoring.com\/en\/wp-json\/wp\/v2\/types\/page"}],"author":[{"embeddable":true,"href":"https:\/\/gjmentoring.com\/en\/wp-json\/wp\/v2\/users\/1"}],"replies":[{"embeddable":true,"href":"https:\/\/gjmentoring.com\/en\/wp-json\/wp\/v2\/comments?post=860"}],"version-history":[{"count":22,"href":"https:\/\/gjmentoring.com\/en\/wp-json\/wp\/v2\/pages\/860\/revisions"}],"predecessor-version":[{"id":1511,"href":"https:\/\/gjmentoring.com\/en\/wp-json\/wp\/v2\/pages\/860\/revisions\/1511"}],"wp:attachment":[{"href":"https:\/\/gjmentoring.com\/en\/wp-json\/wp\/v2\/media?parent=860"}],"curies":[{"name":"wp","href":"https:\/\/api.w.org\/{rel}","templated":true}]}}